{"id":340,"date":"2020-02-10T22:59:50","date_gmt":"2020-02-11T01:59:50","guid":{"rendered":"http:\/\/laboratoriocitopat.com\/?page_id=340"},"modified":"2024-02-22T17:56:50","modified_gmt":"2024-02-22T20:56:50","slug":"servicios","status":"publish","type":"page","link":"https:\/\/laboratoriocitopat.com\/?page_id=340","title":{"rendered":"Servicios"},"content":{"rendered":"\t\t<div data-elementor-type=\"wp-page\" data-elementor-id=\"340\" class=\"elementor elementor-340\">\n\t\t\t\t\t\t<section class=\"elementor-section elementor-top-section elementor-element elementor-element-561c471 elementor-section-boxed elementor-section-height-default elementor-section-height-default\" data-id=\"561c471\" data-element_type=\"section\">\n\t\t\t\t\t\t<div class=\"elementor-container elementor-column-gap-default\">\n\t\t\t\t\t<div class=\"elementor-column elementor-col-100 elementor-top-column elementor-element elementor-element-766fef5\" data-id=\"766fef5\" data-element_type=\"column\">\n\t\t\t<div class=\"elementor-widget-wrap elementor-element-populated\">\n\t\t\t\t\t\t<div class=\"elementor-element elementor-element-b2e7e32 animated-slow elementor-invisible elementor-widget elementor-widget-accordion\" data-id=\"b2e7e32\" data-element_type=\"widget\" data-settings=\"{&quot;_animation&quot;:&quot;fadeIn&quot;}\" data-widget_type=\"accordion.default\">\n\t\t\t\t<div class=\"elementor-widget-container\">\n\t\t\t\t\t\t\t<div class=\"elementor-accordion\">\n\t\t\t\t\t\t\t<div class=\"elementor-accordion-item\">\n\t\t\t\t\t<div id=\"elementor-tab-title-1871\" class=\"elementor-tab-title\" data-tab=\"1\" role=\"button\" aria-controls=\"elementor-tab-content-1871\" aria-expanded=\"false\">\n\t\t\t\t\t\t\t\t\t\t\t\t\t<span class=\"elementor-accordion-icon elementor-accordion-icon-left\" aria-hidden=\"true\">\n\t\t\t\t\t\t\t\t\t\t\t\t\t\t\t<span class=\"elementor-accordion-icon-closed\"><i class=\"fas fa-plus\"><\/i><\/span>\n\t\t\t\t\t\t\t\t<span class=\"elementor-accordion-icon-opened\"><i class=\"fas fa-minus\"><\/i><\/span>\n\t\t\t\t\t\t\t\t\t\t\t\t\t\t<\/span>\n\t\t\t\t\t\t\t\t\t\t\t\t<a class=\"elementor-accordion-title\" tabindex=\"0\">COLORACIONES ESPECIALES<\/a>\n\t\t\t\t\t<\/div>\n\t\t\t\t\t<div id=\"elementor-tab-content-1871\" class=\"elementor-tab-content elementor-clearfix\" data-tab=\"1\" role=\"region\" aria-labelledby=\"elementor-tab-title-1871\"><p>algunos estudios de biopsias, luego se ser analizadas con la coloraci\u00f3n de rutina (Hematoxilina-Eosina), pueden requerir de coloraciones complementarias que ayudar\u00e1n a definir un diagn\u00f3stico en particular, ya que estas permitir\u00e1n visualizar microorganismos como hongos y bacterias, sustancias o dep\u00f3sitos anormales en los tejidos o visualizar o determinar la ausencia de componentes normales en los tejidos.<\/p><p><br \/>Algunas de las m\u00e1s frecuentemente utilizadas son:<\/p><p>Ziehl-Neelsen: bacilos \u00e1cido alcohol resistentes.<br \/>Metenamina de plata: hongos, Pneumocystis carinii.<br \/>Tricr\u00f3mico: col\u00e1geno (tejido fibroso).<br \/>PAS: gluc\u00f3geno, mucina, membrana basal, hongos y par\u00e1sitos.<br \/>Rojo Congo: sustancia amiloide.<br \/>Otras: coloraciones para hemosiderina, fibras el\u00e1sticas, melanina (Fontana Masson), calcio, Giemsa.<\/p><\/div>\n\t\t\t\t<\/div>\n\t\t\t\t\t\t\t<div class=\"elementor-accordion-item\">\n\t\t\t\t\t<div id=\"elementor-tab-title-1872\" class=\"elementor-tab-title\" data-tab=\"2\" role=\"button\" aria-controls=\"elementor-tab-content-1872\" aria-expanded=\"false\">\n\t\t\t\t\t\t\t\t\t\t\t\t\t<span class=\"elementor-accordion-icon elementor-accordion-icon-left\" aria-hidden=\"true\">\n\t\t\t\t\t\t\t\t\t\t\t\t\t\t\t<span class=\"elementor-accordion-icon-closed\"><i class=\"fas fa-plus\"><\/i><\/span>\n\t\t\t\t\t\t\t\t<span class=\"elementor-accordion-icon-opened\"><i class=\"fas fa-minus\"><\/i><\/span>\n\t\t\t\t\t\t\t\t\t\t\t\t\t\t<\/span>\n\t\t\t\t\t\t\t\t\t\t\t\t<a class=\"elementor-accordion-title\" tabindex=\"0\">INMUNOHISTOQU\u00cdMICA<\/a>\n\t\t\t\t\t<\/div>\n\t\t\t\t\t<div id=\"elementor-tab-content-1872\" class=\"elementor-tab-content elementor-clearfix\" data-tab=\"2\" role=\"region\" aria-labelledby=\"elementor-tab-title-1872\"><p>aplica principios inmunol\u00f3gicos y t\u00e9cnicas para demostrar mol\u00e9culas en c\u00e9lulas y tejidos espec\u00edficos.<br \/>Tiene gran utilidad para la clasificaci\u00f3n de neoplasia malignas mal diferenciadas, al permitir diferenciar entre diversas neoplasias como carcinoma, sarcoma, melanoma y neoplasia germinales o hematopoy\u00e9ticas.<\/p><\/div>\n\t\t\t\t<\/div>\n\t\t\t\t\t\t\t<div class=\"elementor-accordion-item\">\n\t\t\t\t\t<div id=\"elementor-tab-title-1873\" class=\"elementor-tab-title\" data-tab=\"3\" role=\"button\" aria-controls=\"elementor-tab-content-1873\" aria-expanded=\"false\">\n\t\t\t\t\t\t\t\t\t\t\t\t\t<span class=\"elementor-accordion-icon elementor-accordion-icon-left\" aria-hidden=\"true\">\n\t\t\t\t\t\t\t\t\t\t\t\t\t\t\t<span class=\"elementor-accordion-icon-closed\"><i class=\"fas fa-plus\"><\/i><\/span>\n\t\t\t\t\t\t\t\t<span class=\"elementor-accordion-icon-opened\"><i class=\"fas fa-minus\"><\/i><\/span>\n\t\t\t\t\t\t\t\t\t\t\t\t\t\t<\/span>\n\t\t\t\t\t\t\t\t\t\t\t\t<a class=\"elementor-accordion-title\" tabindex=\"0\">CITOLOG\u00cdA CERVICO-UTERINA<\/a>\n\t\t\t\t\t<\/div>\n\t\t\t\t\t<div id=\"elementor-tab-content-1873\" class=\"elementor-tab-content elementor-clearfix\" data-tab=\"3\" role=\"region\" aria-labelledby=\"elementor-tab-title-1873\"><p>La citolog\u00eda de c\u00e9rvix uterino es una prueba que busca la detecci\u00f3n temprana de anormalidades celulares que puedan indicar el desarrollo de lesiones premalignas o cancerosas, pero no se considera una prueba diagn\u00f3stica confirmatoria. Resultados anormales podr\u00edan requerir estudios complementarios de colposcopia y biopsias, definidos por los m\u00e9dicos tratantes.<\/p><p>Se han identificado varios tipos oncog\u00e9nicos del virus del papiloma humano (VPH) como responsables de la mayor\u00eda de las lesiones preneopl\u00e1sicas y neopl\u00e1sicas del c\u00e1ncer de c\u00e9rvix uterino.<\/p><p>Otros factores que se han asociado con el desarrollo de este tipo de neoplasia incluyen el inicio temprano de relaciones sexuales, un alto n\u00famero de parejas sexuales diferentes, un bajo nivel socioecon\u00f3mico y el tabaquismo (incluso pasivo).<\/p><p>La prueba consiste en la visualizaci\u00f3n del cuello a trav\u00e9s de un esp\u00e9culo vaginal, para obtener muestras de dos sitios anat\u00f3micos denominados exoc\u00e9rvix y endoc\u00e9rvix, mediante la utilizaci\u00f3n de una esp\u00e1tula y un citocepillo respectivamente; las muestras son extendidas en una l\u00e1mina de vidrio portaobjetos, que es luego fijada en alcohol y coloreada mediante la tinci\u00f3n modificada de Papanicolaou, para ser finalmente interpretada mediante el uso de un microsc\u00f3pico \u00f3ptico por profesionales en las \u00e1reas de citolog\u00eda y patolog\u00eda, quienes entregan un informe por escrito, basado en una nomenclatura definida en el \u201cSistema Bethesda 2001\u201d.<\/p><p>Nuestro servicio sigue las recomendaciones del Ministerio de Salud y Protecci\u00f3n Social y de la Direcci\u00f3n Seccional de Salud de Antioquia, que nos certifica los controles de calidad exigidos.<\/p><p>Contamos con un \u00e1rea de toma adecuada y c\u00f3moda dentro de las instalaciones f\u00edsicas del laboratorio; hacemos \u00e9nfasis en una atenci\u00f3n segura y siempre garantizamos a todas nuestras usuarias el uso de implementos est\u00e9riles y desechables.<\/p><p>Nuestros resultados se entregan usualmente en un plazo m\u00e1ximo de tres d\u00edas h\u00e1biles, y siempre pueden considerarse entregas prioritarias cuando la paciente lo requiera.<\/p><\/div>\n\t\t\t\t<\/div>\n\t\t\t\t\t\t\t<div class=\"elementor-accordion-item\">\n\t\t\t\t\t<div id=\"elementor-tab-title-1874\" class=\"elementor-tab-title\" data-tab=\"4\" role=\"button\" aria-controls=\"elementor-tab-content-1874\" aria-expanded=\"false\">\n\t\t\t\t\t\t\t\t\t\t\t\t\t<span class=\"elementor-accordion-icon elementor-accordion-icon-left\" aria-hidden=\"true\">\n\t\t\t\t\t\t\t\t\t\t\t\t\t\t\t<span class=\"elementor-accordion-icon-closed\"><i class=\"fas fa-plus\"><\/i><\/span>\n\t\t\t\t\t\t\t\t<span class=\"elementor-accordion-icon-opened\"><i class=\"fas fa-minus\"><\/i><\/span>\n\t\t\t\t\t\t\t\t\t\t\t\t\t\t<\/span>\n\t\t\t\t\t\t\t\t\t\t\t\t<a class=\"elementor-accordion-title\" tabindex=\"0\">CITOLOG\u00cdA POR ASPIRACI\u00d3N Y DE L\u00cdQUIDOS CORPORALES<\/a>\n\t\t\t\t\t<\/div>\n\t\t\t\t\t<div id=\"elementor-tab-content-1874\" class=\"elementor-tab-content elementor-clearfix\" data-tab=\"4\" role=\"region\" aria-labelledby=\"elementor-tab-title-1874\"><p>consiste en el estudio de muestras celulares de lesiones tumorales s\u00f3lidas o qu\u00edsticas en diversos \u00f3rganos, las cuales son obtenidas al puncionar con agujas hipod\u00e9rmicas mediante jeringas o pistolas de aspiraci\u00f3n, mediante una t\u00e9cnica bien desarrollada.<\/p><p>Entre las lesiones m\u00e1s comunes se encuentran los n\u00f3dulos o masas a clasificar en las gl\u00e1ndulas tiroides, mamarias y salivales, lo mismo que de ganglios linf\u00e1ticos, entre otros.<\/p><p>Tambi\u00e9n se utilizan para el estudio de la celularidad obtenida de l\u00edquido cefalorraqu\u00eddeo, de aspirados y lavados bronquiales, o de la evacuaci\u00f3n de derrames de cavidades como pleura y abdomen (l\u00edquido peritoneal).<\/p><\/div>\n\t\t\t\t<\/div>\n\t\t\t\t\t\t\t<div class=\"elementor-accordion-item\">\n\t\t\t\t\t<div id=\"elementor-tab-title-1875\" class=\"elementor-tab-title\" data-tab=\"5\" role=\"button\" aria-controls=\"elementor-tab-content-1875\" aria-expanded=\"false\">\n\t\t\t\t\t\t\t\t\t\t\t\t\t<span class=\"elementor-accordion-icon elementor-accordion-icon-left\" aria-hidden=\"true\">\n\t\t\t\t\t\t\t\t\t\t\t\t\t\t\t<span class=\"elementor-accordion-icon-closed\"><i class=\"fas fa-plus\"><\/i><\/span>\n\t\t\t\t\t\t\t\t<span class=\"elementor-accordion-icon-opened\"><i class=\"fas fa-minus\"><\/i><\/span>\n\t\t\t\t\t\t\t\t\t\t\t\t\t\t<\/span>\n\t\t\t\t\t\t\t\t\t\t\t\t<a class=\"elementor-accordion-title\" tabindex=\"0\">BIOPSIAS Y ESPEC\u00cdMENES QUIR\u00daRGICOS<\/a>\n\t\t\t\t\t<\/div>\n\t\t\t\t\t<div id=\"elementor-tab-content-1875\" class=\"elementor-tab-content elementor-clearfix\" data-tab=\"5\" role=\"region\" aria-labelledby=\"elementor-tab-title-1875\"><ul><li><strong>Biopsia incisional:<\/strong> la que obtiene una o varias muestras representativas de una lesi\u00f3n.<\/li><li><strong>Biopsia escisional:<\/strong> la que incluye la totalidad de la lesi\u00f3n a estudiar.<\/li><li><strong>Biopsia por congelaci\u00f3n:<\/strong> para consulta intraoperatoria.<\/li><li><strong>Espec\u00edmenes quir\u00fargicos:<\/strong> \u00f3rganos s\u00f3lidos o v\u00edsceras huecas.<\/li><\/ul><\/div>\n\t\t\t\t<\/div>\n\t\t\t\t\t\t\t\t<\/div>\n\t\t\t\t\t\t<\/div>\n\t\t\t\t<\/div>\n\t\t\t\t\t<\/div>\n\t\t<\/div>\n\t\t\t\t\t<\/div>\n\t\t<\/section>\n\t\t\t\t<section class=\"elementor-section elementor-top-section elementor-element elementor-element-bd2d62c elementor-section-boxed elementor-section-height-default elementor-section-height-default\" data-id=\"bd2d62c\" data-element_type=\"section\">\n\t\t\t\t\t\t<div class=\"elementor-container elementor-column-gap-default\">\n\t\t\t\t\t<div class=\"elementor-column elementor-col-100 elementor-top-column elementor-element elementor-element-85a3d51\" data-id=\"85a3d51\" data-element_type=\"column\">\n\t\t\t<div class=\"elementor-widget-wrap elementor-element-populated\">\n\t\t\t\t\t\t<div class=\"elementor-element elementor-element-941939d elementor-invisible elementor-widget elementor-widget-image\" data-id=\"941939d\" data-element_type=\"widget\" data-settings=\"{&quot;_animation&quot;:&quot;fadeInLeft&quot;}\" data-widget_type=\"image.default\">\n\t\t\t\t<div class=\"elementor-widget-container\">\n\t\t\t\t\t\t\t\t\t\t\t\t\t\t\t<img fetchpriority=\"high\" decoding=\"async\" width=\"1024\" height=\"683\" src=\"https:\/\/laboratoriocitopat.com\/wp-content\/uploads\/2024\/02\/DSC0178-1024x683.jpg\" class=\"attachment-large size-large wp-image-522\" alt=\"\" srcset=\"https:\/\/laboratoriocitopat.com\/wp-content\/uploads\/2024\/02\/DSC0178-1024x683.jpg 1024w, https:\/\/laboratoriocitopat.com\/wp-content\/uploads\/2024\/02\/DSC0178-300x200.jpg 300w, https:\/\/laboratoriocitopat.com\/wp-content\/uploads\/2024\/02\/DSC0178-768x512.jpg 768w, https:\/\/laboratoriocitopat.com\/wp-content\/uploads\/2024\/02\/DSC0178-1536x1024.jpg 1536w, https:\/\/laboratoriocitopat.com\/wp-content\/uploads\/2024\/02\/DSC0178-2048x1365.jpg 2048w\" sizes=\"(max-width: 1024px) 100vw, 1024px\" \/>\t\t\t\t\t\t\t\t\t\t\t\t\t\t\t<\/div>\n\t\t\t\t<\/div>\n\t\t\t\t\t<\/div>\n\t\t<\/div>\n\t\t\t\t\t<\/div>\n\t\t<\/section>\n\t\t\t\t<\/div>\n\t\t","protected":false},"excerpt":{"rendered":"<p>COLORACIONES ESPECIALES algunos estudios de biopsias, luego se ser analizadas con la coloraci\u00f3n de rutina (Hematoxilina-Eosina), pueden requerir de coloraciones complementarias que ayudar\u00e1n a definir un diagn\u00f3stico en particular, ya que estas permitir\u00e1n visualizar microorganismos como hongos y bacterias, sustancias o dep\u00f3sitos anormales en los tejidos o visualizar o determinar la ausencia de componentes normales&hellip;<\/p>\n","protected":false},"author":1,"featured_media":516,"parent":0,"menu_order":0,"comment_status":"closed","ping_status":"closed","template":"","meta":{"footnotes":""},"class_list":["post-340","page","type-page","status-publish","has-post-thumbnail","hentry"],"_links":{"self":[{"href":"https:\/\/laboratoriocitopat.com\/index.php?rest_route=\/wp\/v2\/pages\/340","targetHints":{"allow":["GET"]}}],"collection":[{"href":"https:\/\/laboratoriocitopat.com\/index.php?rest_route=\/wp\/v2\/pages"}],"about":[{"href":"https:\/\/laboratoriocitopat.com\/index.php?rest_route=\/wp\/v2\/types\/page"}],"author":[{"embeddable":true,"href":"https:\/\/laboratoriocitopat.com\/index.php?rest_route=\/wp\/v2\/users\/1"}],"replies":[{"embeddable":true,"href":"https:\/\/laboratoriocitopat.com\/index.php?rest_route=%2Fwp%2Fv2%2Fcomments&post=340"}],"version-history":[{"count":10,"href":"https:\/\/laboratoriocitopat.com\/index.php?rest_route=\/wp\/v2\/pages\/340\/revisions"}],"predecessor-version":[{"id":549,"href":"https:\/\/laboratoriocitopat.com\/index.php?rest_route=\/wp\/v2\/pages\/340\/revisions\/549"}],"wp:featuredmedia":[{"embeddable":true,"href":"https:\/\/laboratoriocitopat.com\/index.php?rest_route=\/wp\/v2\/media\/516"}],"wp:attachment":[{"href":"https:\/\/laboratoriocitopat.com\/index.php?rest_route=%2Fwp%2Fv2%2Fmedia&parent=340"}],"curies":[{"name":"wp","href":"https:\/\/api.w.org\/{rel}","templated":true}]}}