{"id":335,"date":"2020-02-10T22:51:53","date_gmt":"2020-02-11T01:51:53","guid":{"rendered":"http:\/\/laboratoriocitopat.com\/?page_id=335"},"modified":"2024-02-22T17:57:33","modified_gmt":"2024-02-22T20:57:33","slug":"resena-historica","status":"publish","type":"page","link":"https:\/\/laboratoriocitopat.com\/?page_id=335","title":{"rendered":"Rese\u00f1a Hist\u00f3rica"},"content":{"rendered":"\t\t<div data-elementor-type=\"wp-page\" data-elementor-id=\"335\" class=\"elementor elementor-335\">\n\t\t\t\t\t\t<section class=\"elementor-section elementor-top-section elementor-element elementor-element-70a0297 elementor-section-boxed elementor-section-height-default elementor-section-height-default\" data-id=\"70a0297\" data-element_type=\"section\" data-e-type=\"section\">\n\t\t\t\t\t\t<div class=\"elementor-container elementor-column-gap-default\">\n\t\t\t\t\t<div class=\"elementor-column elementor-col-100 elementor-top-column elementor-element elementor-element-f72c01e\" data-id=\"f72c01e\" data-element_type=\"column\" data-e-type=\"column\">\n\t\t\t<div class=\"elementor-widget-wrap elementor-element-populated\">\n\t\t\t\t\t\t<div class=\"elementor-element elementor-element-6d943bd animated-slow elementor-invisible elementor-widget elementor-widget-text-editor\" data-id=\"6d943bd\" data-element_type=\"widget\" data-e-type=\"widget\" data-settings=\"{&quot;_animation&quot;:&quot;fadeIn&quot;}\" data-widget_type=\"text-editor.default\">\n\t\t\t\t<div class=\"elementor-widget-container\">\n\t\t\t\t\t\t\t\t\t<p>La Cl\u00ednica SOMER, fue fundada en el a\u00f1o de 1.995 por un grupo de 18 m\u00e9dicos. Su primera sede estuvo ubicada en una antigua casa en el sector de San Francisco, zona c\u00e9ntrica del municipio de Rionegro, donde funcion\u00f3 hasta el a\u00f1o 2.000.<\/p>\n<p>El Laboratorio CitoPAT inici\u00f3 sus labores all\u00ed hacia 1.991, y para esa \u00e9poca depend\u00eda de la contrataci\u00f3n de los m\u00e9todos histol\u00f3gicos con un laboratorio de Medell\u00edn.<\/p>\n<p>Se constituy\u00f3 as\u00ed en el primer laboratorio privado de este tipo en el Oriente Antioque\u00f1o en ofrecer los estudios de citolog\u00eda y patolog\u00eda, adem\u00e1s del Hospital San Juan de Dios de Rionegro, que prestaba sus servicios de manera similar.<\/p>\n<p>Para el a\u00f1o 2000, la Cl\u00ednica SOMER se traslada a su nueva y actual sede en el sector del barrio El Faro, diagonal al Parque Recreativo Comfama. El Laboratorio CitoPAT se encuentra dentro de las instalaciones del Edificio Propiedad Horizontal de la Cl\u00ednica, segundo piso, local 204.<\/p>\n<p>Hacia el a\u00f1o 2010 se convierte en IPS, y comienza un proceso de ampliaci\u00f3n y de adecuaci\u00f3n por \u00e1reas, para cumplir con los requisitos de habilitaci\u00f3n y mejoramiento continuo.<\/p>\n<p>Actualmente cuenta con un personal de tres pat\u00f3logos, dos histocit\u00f3logas, una histotecn\u00f3loga y dos secretarias; adem\u00e1s del servicio de mensajer\u00eda, que brinda oportunidad en la recolecci\u00f3n de las muestras a algunos de nuestros clientes institucionales.<\/p>\n<p>Para esta nueva etapa se han adecuado las instalaciones f\u00edsicas, modernizado la dotaci\u00f3n de oficina y renovados equipos, que incluyen procesador de tejidos, estaci\u00f3n de inclusi\u00f3n, micr\u00f3tomo de rotaci\u00f3n, ba\u00f1o de flotaci\u00f3n, citocentr\u00edfuga y balanza electr\u00f3nica.<\/p>\n<p>Nuestra p\u00e1gina web permite entrega oportuna de resultados y entrega informaci\u00f3n m\u00e9dica b\u00e1sica para pacientes interesados en conocer acerca de las patolog\u00edas m\u00e1s comunes en nuestra regi\u00f3n.<\/p>\n<p>El Laboratorio sigue las directrices del Sistema de Gesti\u00f3n de la Calidad (SGC), con un enfoque prioritario en la seguridad del paciente en todos nuestros procesos.<\/p>\t\t\t\t\t\t\t\t<\/div>\n\t\t\t\t<\/div>\n\t\t\t\t\t<\/div>\n\t\t<\/div>\n\t\t\t\t\t<\/div>\n\t\t<\/section>\n\t\t\t\t<section class=\"elementor-section elementor-top-section elementor-element elementor-element-7244df7 elementor-section-boxed elementor-section-height-default elementor-section-height-default\" data-id=\"7244df7\" data-element_type=\"section\" data-e-type=\"section\">\n\t\t\t\t\t\t<div class=\"elementor-container elementor-column-gap-default\">\n\t\t\t\t\t<div class=\"elementor-column elementor-col-100 elementor-top-column elementor-element elementor-element-fd43608\" data-id=\"fd43608\" data-element_type=\"column\" data-e-type=\"column\">\n\t\t\t<div class=\"elementor-widget-wrap elementor-element-populated\">\n\t\t\t\t\t\t<div class=\"elementor-element elementor-element-1c56573 elementor-invisible elementor-widget elementor-widget-image\" data-id=\"1c56573\" data-element_type=\"widget\" data-e-type=\"widget\" data-settings=\"{&quot;_animation&quot;:&quot;fadeInLeft&quot;}\" data-widget_type=\"image.default\">\n\t\t\t\t<div class=\"elementor-widget-container\">\n\t\t\t\t\t\t\t\t\t\t\t\t\t\t\t<img fetchpriority=\"high\" decoding=\"async\" width=\"1024\" height=\"683\" src=\"https:\/\/laboratoriocitopat.com\/wp-content\/uploads\/2024\/02\/DSC0169-1024x683.jpg\" class=\"attachment-large size-large wp-image-526\" alt=\"\" srcset=\"https:\/\/laboratoriocitopat.com\/wp-content\/uploads\/2024\/02\/DSC0169-1024x683.jpg 1024w, https:\/\/laboratoriocitopat.com\/wp-content\/uploads\/2024\/02\/DSC0169-300x200.jpg 300w, https:\/\/laboratoriocitopat.com\/wp-content\/uploads\/2024\/02\/DSC0169-768x512.jpg 768w, https:\/\/laboratoriocitopat.com\/wp-content\/uploads\/2024\/02\/DSC0169-1536x1024.jpg 1536w, https:\/\/laboratoriocitopat.com\/wp-content\/uploads\/2024\/02\/DSC0169-2048x1365.jpg 2048w\" sizes=\"(max-width: 1024px) 100vw, 1024px\" \/>\t\t\t\t\t\t\t\t\t\t\t\t\t\t\t<\/div>\n\t\t\t\t<\/div>\n\t\t\t\t\t<\/div>\n\t\t<\/div>\n\t\t\t\t\t<\/div>\n\t\t<\/section>\n\t\t\t\t<\/div>\n\t\t","protected":false},"excerpt":{"rendered":"<p>La Cl\u00ednica SOMER, fue fundada en el a\u00f1o de 1.995 por un grupo de 18 m\u00e9dicos. Su primera sede estuvo ubicada en una antigua casa en el sector de San Francisco, zona c\u00e9ntrica del municipio de Rionegro, donde funcion\u00f3 hasta el a\u00f1o 2.000. El Laboratorio CitoPAT inici\u00f3 sus labores all\u00ed hacia 1.991, y para esa&hellip;<\/p>\n","protected":false},"author":1,"featured_media":529,"parent":0,"menu_order":0,"comment_status":"closed","ping_status":"closed","template":"","meta":{"footnotes":""},"class_list":["post-335","page","type-page","status-publish","has-post-thumbnail","hentry"],"_links":{"self":[{"href":"https:\/\/laboratoriocitopat.com\/index.php?rest_route=\/wp\/v2\/pages\/335","targetHints":{"allow":["GET"]}}],"collection":[{"href":"https:\/\/laboratoriocitopat.com\/index.php?rest_route=\/wp\/v2\/pages"}],"about":[{"href":"https:\/\/laboratoriocitopat.com\/index.php?rest_route=\/wp\/v2\/types\/page"}],"author":[{"embeddable":true,"href":"https:\/\/laboratoriocitopat.com\/index.php?rest_route=\/wp\/v2\/users\/1"}],"replies":[{"embeddable":true,"href":"https:\/\/laboratoriocitopat.com\/index.php?rest_route=%2Fwp%2Fv2%2Fcomments&post=335"}],"version-history":[{"count":10,"href":"https:\/\/laboratoriocitopat.com\/index.php?rest_route=\/wp\/v2\/pages\/335\/revisions"}],"predecessor-version":[{"id":552,"href":"https:\/\/laboratoriocitopat.com\/index.php?rest_route=\/wp\/v2\/pages\/335\/revisions\/552"}],"wp:featuredmedia":[{"embeddable":true,"href":"https:\/\/laboratoriocitopat.com\/index.php?rest_route=\/wp\/v2\/media\/529"}],"wp:attachment":[{"href":"https:\/\/laboratoriocitopat.com\/index.php?rest_route=%2Fwp%2Fv2%2Fmedia&parent=335"}],"curies":[{"name":"wp","href":"https:\/\/api.w.org\/{rel}","templated":true}]}}